{"id":371,"date":"2019-11-26T12:23:06","date_gmt":"2019-11-26T12:23:06","guid":{"rendered":"https:\/\/demosites.io\/blogger-gb\/?page_id=6"},"modified":"2023-05-29T13:15:45","modified_gmt":"2023-05-29T10:15:45","slug":"582c1-blogger-gb-about","status":"publish","type":"page","link":"https:\/\/goeicbelgesi.com\/index.php\/582c1-blogger-gb-about\/","title":{"rendered":"Hakk\u0131m\u0131zda"},"content":{"rendered":"\n<div id=\"wp-block-themeisle-blocks-advanced-columns-ba35ac10\" class=\"wp-block-themeisle-blocks-advanced-columns alignfull has-2-columns has-desktop-equal-layout has-tablet-collapsedRows-layout has-mobile-collapsedRows-layout has-vertical-unset\"><div class=\"wp-block-themeisle-blocks-advanced-columns-overlay\"><\/div><div class=\"innerblocks-wrap\">\n<div id=\"wp-block-themeisle-blocks-advanced-column-6436fd26\" class=\"wp-block-themeisle-blocks-advanced-column ticss-48ef8f35\">\n<figure class=\"wp-block-image size-large ticss-39ebe30d\"><img decoding=\"async\" src=\"https:\/\/goeicbelgesi.com\/wp-content\/uploads\/2023\/05\/EZHAR-VEKTOREL-1kjk-1-1024x1024.png\" alt=\"\" class=\"wp-image-487\"\/><\/figure>\n<\/div>\n\n\n\n<div id=\"wp-block-themeisle-blocks-advanced-column-c5a7861d\" class=\"wp-block-themeisle-blocks-advanced-column ticss-5418d6a3\">\n<p id=\"wp-block-themeisle-blocks-advanced-heading-e18518c3\" class=\"wp-block-themeisle-blocks-advanced-heading wp-block-themeisle-blocks-advanced-heading-e18518c3\"><strong>eZhar kurumsal<\/strong><\/p>\n\n\n\n<h2 class=\"wp-block-heading\">Biz Kimiz?<\/h2>\n\n\n\n<p>\u0130hracat Belgeleri ve Test Hizmeti Kapsam\u0131nda \u00c7\u00f6z\u00fcm Orta\u011f\u0131y\u0131z&nbsp;<\/p>\n\n\n\n<p>Ezhar Kurumsal olarak 2010 y\u0131l\u0131n\u0131n son \u00e7eyre\u011finde \u0130stanbul Anadolu yakas\u0131nda kurmu\u015f oldu\u011fumuz belgelendirme, e\u011fitim ve test servislerimiz ile d\u00fcnyan\u0131n en k\u00f6kl\u00fc dilleri aras\u0131nda yer alan Arap\u00e7a ve g\u00fcn\u00fcm\u00fczde art\u0131k k\u00fcresel (global) bir dil haline gelen \u0130ngilizceyi i\u015f ba\u011flant\u0131lar\u0131n\u0131zda kolayl\u0131kla kullanman\u0131z i\u00e7in ihtiya\u00e7 duyabilece\u011finiz t\u00fcm konularda profesyonel hizmetler sunmaktad\u0131r.<\/p>\n<\/div>\n<\/div><\/div>\n\n\n\n<div id=\"wp-block-themeisle-blocks-advanced-columns-350732b2\" class=\"wp-block-themeisle-blocks-advanced-columns alignfull has-2-columns has-desktop-equal-layout has-tablet-equal-layout has-mobile-collapsedRows-layout has-vertical-center\"><div class=\"wp-block-themeisle-blocks-advanced-columns-overlay\"><\/div><div class=\"innerblocks-wrap\">\n<div id=\"wp-block-themeisle-blocks-advanced-column-b9f983d5\" class=\"wp-block-themeisle-blocks-advanced-column\">\n<h3 class=\"wp-block-heading has-nv-text-dark-bg-color has-text-color\">Vizyon<\/h3>\n\n\n\n<p class=\"has-nv-text-dark-bg-color has-text-color\">EZHAR KURUMSAL Kaliteli, tecr\u00fcbeli ve d\u00fcr\u00fcst teknik kadrosuyla \u00e7al\u0131\u015fanlar\u0131n mutlulu\u011fu ve g\u00fcvenli\u011fini \u00f6n planda tutarak m\u00fc\u015fteri sadakatini kazanmak var olan m\u00fc\u015fteri ili\u015fkilerinin kal\u0131c\u0131 olabilmesi i\u00e7in verdi\u011fimiz s\u00f6zleri, yapt\u0131\u011f\u0131m\u0131z i\u015fleri tam anlam\u0131yla eksiksiz yerine getirerek m\u00fc\u015fterinin ilk tercihi olmaya \u00e7al\u0131\u015fmakt\u0131r.<\/p>\n<\/div>\n\n\n\n<div id=\"wp-block-themeisle-blocks-advanced-column-57d9480e\" class=\"wp-block-themeisle-blocks-advanced-column\">\n<h3 class=\"wp-block-heading has-nv-text-dark-bg-color has-text-color\">Misyon<\/h3>\n\n\n\n<p class=\"has-nv-text-dark-bg-color has-text-color\">Uluslararas\u0131 g\u00f6zetim sekt\u00f6r\u00fcnde m\u00fc\u015fterilerine zaman\u0131nda tarafs\u0131z, g\u00fcvenilir, d\u00fcr\u00fcst hizmet vererek m\u00fc\u015fteri memnuniyetini sa\u011flamak, uluslararas\u0131 standartlardan taviz vermeden y\u00f6netim ve hizmet anlay\u0131\u015f\u0131yla m\u00fc\u015fteriler taraf\u0131ndan en \u00e7ok tercih edilen bir marka olarak hedeflerimizi s\u00fcrekli y\u00fckseltmek.<\/p>\n<\/div>\n<\/div><\/div>\n\n\n\n<figure class=\"wp-block-gallery has-nested-images columns-default is-cropped wp-block-gallery-1 is-layout-flex\">\n<figure class=\"wp-block-image size-large\"><img decoding=\"async\" loading=\"lazy\" width=\"650\" height=\"400\" data-id=\"500\"  src=\"https:\/\/goeicbelgesi.com\/wp-content\/uploads\/2023\/05\/1042516-98819066_6_3.png\" alt=\"\" class=\"wp-image-500\" srcset=\"https:\/\/goeicbelgesi.com\/wp-content\/uploads\/2023\/05\/1042516-98819066_6_3.png 650w, https:\/\/goeicbelgesi.com\/wp-content\/uploads\/2023\/05\/1042516-98819066_6_3-300x185.png 300w\" sizes=\"(max-width: 650px) 100vw, 650px\" \/><\/figure>\n\n\n\n<figure class=\"wp-block-image size-large\"><img decoding=\"async\" loading=\"lazy\" width=\"200\" height=\"200\" data-id=\"501\"  src=\"https:\/\/goeicbelgesi.com\/wp-content\/uploads\/2023\/05\/1519870746462.jpg\" alt=\"\" class=\"wp-image-501\" srcset=\"https:\/\/goeicbelgesi.com\/wp-content\/uploads\/2023\/05\/1519870746462.jpg 200w, https:\/\/goeicbelgesi.com\/wp-content\/uploads\/2023\/05\/1519870746462-150x150.jpg 150w\" sizes=\"(max-width: 200px) 100vw, 200px\" \/><\/figure>\n\n\n\n<figure class=\"wp-block-image size-full\"><img decoding=\"async\" loading=\"lazy\" width=\"222\" height=\"203\" data-id=\"518\"  src=\"https:\/\/goeicbelgesi.com\/wp-content\/uploads\/2023\/05\/logo-1.png\" alt=\"\" class=\"wp-image-518\"\/><\/figure>\n\n\n\n<figure class=\"wp-block-image size-large\"><img decoding=\"async\" loading=\"lazy\" width=\"1024\" height=\"813\" data-id=\"503\"  src=\"https:\/\/goeicbelgesi.com\/wp-content\/uploads\/2023\/05\/eee-1024x813.png\" alt=\"\" class=\"wp-image-503\" srcset=\"https:\/\/goeicbelgesi.com\/wp-content\/uploads\/2023\/05\/eee-1024x813.png 1024w, https:\/\/goeicbelgesi.com\/wp-content\/uploads\/2023\/05\/eee-300x238.png 300w, https:\/\/goeicbelgesi.com\/wp-content\/uploads\/2023\/05\/eee-768x610.png 768w, https:\/\/goeicbelgesi.com\/wp-content\/uploads\/2023\/05\/eee.png 1200w\" sizes=\"(max-width: 1024px) 100vw, 1024px\" \/><\/figure>\n\n\n\n<figure class=\"wp-block-image size-large\"><img decoding=\"async\" loading=\"lazy\" width=\"1024\" height=\"1024\" data-id=\"504\"  src=\"https:\/\/goeicbelgesi.com\/wp-content\/uploads\/2023\/05\/LOGO-01-1024x1024.jpg\" alt=\"\" class=\"wp-image-504\" srcset=\"https:\/\/goeicbelgesi.com\/wp-content\/uploads\/2023\/05\/LOGO-01-1024x1024.jpg 1024w, https:\/\/goeicbelgesi.com\/wp-content\/uploads\/2023\/05\/LOGO-01-300x300.jpg 300w, https:\/\/goeicbelgesi.com\/wp-content\/uploads\/2023\/05\/LOGO-01-150x150.jpg 150w, https:\/\/goeicbelgesi.com\/wp-content\/uploads\/2023\/05\/LOGO-01-768x768.jpg 768w, https:\/\/goeicbelgesi.com\/wp-content\/uploads\/2023\/05\/LOGO-01-1536x1536.jpg 1536w, https:\/\/goeicbelgesi.com\/wp-content\/uploads\/2023\/05\/LOGO-01-2048x2048.jpg 2048w\" sizes=\"(max-width: 1024px) 100vw, 1024px\" \/><\/figure>\n<\/figure>\n\n\n\n<div id=\"wp-block-themeisle-blocks-advanced-columns-0420b78e\" class=\"wp-block-themeisle-blocks-advanced-columns has-1-columns has-desktop-equal-layout has-tablet-equal-layout has-mobile-equal-layout has-vertical-unset\"><div class=\"wp-block-themeisle-blocks-advanced-columns-overlay\"><\/div><div class=\"innerblocks-wrap\">\n<div id=\"wp-block-themeisle-blocks-advanced-column-07c8372f\" class=\"wp-block-themeisle-blocks-advanced-column ticss-1e4a2cbe\">\n<h2 class=\"wp-block-heading has-text-align-center\">FAAL\u0130YETLER\u0130M\u0130Z<\/h2>\n\n\n\n<div style=\"height:16px\" aria-hidden=\"true\" class=\"wp-block-spacer\"><\/div>\n\n\n\n<p class=\"has-text-align-center\">Ezhar Kurumsal olarak Belgelendirme, Laboratuvar Testleri ve Y\u00fckleme G\u00f6zetim hizmeti vermekteyiz. G Mark, ESMA, ECOSMA, SASO, GOEIC, SONCAP VE PVOC belgelerinde destek sa\u011flamaktay\u0131z. <br><br>Test i\u015flemlerinde ( LVD testi, EMC Testi, IP testi, CE Belgesi, Kald\u0131rma Ekipmanlar\u0131 y\u0131ll\u0131k Periyodik Kontroller ) T\u00fcr kak taraf\u0131ndan akredite olarak Hizmet vermektedir. <br><br>Detayl\u0131 bilgi almak i\u00e7in ofisimizi arayabilir, mail atabilirsiniz. <\/p>\n<\/div>\n<\/div><\/div>\n\n\n\n<div style=\"height:100px\" aria-hidden=\"true\" class=\"wp-block-spacer\"><\/div>\n\n\n\n<div style=\"height:100px\" aria-hidden=\"true\" class=\"wp-block-spacer\"><\/div>\n\n\n\n<div id=\"wp-block-themeisle-blocks-advanced-columns-cc75e923\" class=\"wp-block-themeisle-blocks-advanced-columns has-2-columns has-desktop-oneTwo-layout has-tablet-equal-layout has-mobile-collapsedRows-layout has-vertical-unset\"><div class=\"wp-block-themeisle-blocks-advanced-columns-overlay\"><\/div><div class=\"innerblocks-wrap\">\n<div id=\"wp-block-themeisle-blocks-advanced-column-8de0c884\" class=\"wp-block-themeisle-blocks-advanced-column\">\n<h3 class=\"wp-block-heading has-medium-font-size\">\u0130leti\u015fim Bilgilerimiz<\/h3>\n\n\n\n<p class=\"has-small-font-size\"><strong>OPERASYON &nbsp;:+90 545 273 46 92<br><br>SATI\u015e DESTEK :+90 537 454 83 55<br><br>TEKN\u0130K UZMAN :+90 (546) 925 06 24<\/strong><\/p>\n\n\n\n<p class=\"has-small-font-size\"><strong>SAHA SATI\u015e&nbsp; UZMAN :+90 549 464 55 61<br><br>cigdem@ezhar.com.tr<\/strong><\/p>\n\n\n\n<h3 class=\"wp-block-heading has-medium-font-size\">Ofisimize Bekliyoruz.<br><\/h3>\n\n\n\n<p class=\"has-small-font-size\"><strong>\u00d6rnek Mahallesi Udi Hasan Bey Sokak. No:31, 34704 <\/strong><br><strong>Ata\u015fehir\/\u0130stanbul, T\u00fcrkiye<\/strong><\/p>\n<\/div>\n\n\n\n<div id=\"wp-block-themeisle-blocks-advanced-column-b290d044\" class=\"wp-block-themeisle-blocks-advanced-column\"><style id=\"wpforms-css-vars-root\">\n\t\t\t\t:root {\n\t\t\t\t\t--wpforms-field-border-radius: 3px;\n--wpforms-field-background-color: #ffffff;\n--wpforms-field-border-color: rgba( 0, 0, 0, 0.25 );\n--wpforms-field-text-color: rgba( 0, 0, 0, 0.7 );\n--wpforms-label-color: rgba( 0, 0, 0, 0.85 );\n--wpforms-label-sublabel-color: rgba( 0, 0, 0, 0.55 );\n--wpforms-label-error-color: #d63637;\n--wpforms-button-border-radius: 3px;\n--wpforms-button-background-color: #066aab;\n--wpforms-button-text-color: #ffffff;\n--wpforms-field-size-input-height: 43px;\n--wpforms-field-size-input-spacing: 15px;\n--wpforms-field-size-font-size: 16px;\n--wpforms-field-size-line-height: 19px;\n--wpforms-field-size-padding-h: 14px;\n--wpforms-field-size-checkbox-size: 16px;\n--wpforms-field-size-sublabel-spacing: 5px;\n--wpforms-field-size-icon-size: 1;\n--wpforms-label-size-font-size: 16px;\n--wpforms-label-size-line-height: 19px;\n--wpforms-label-size-sublabel-font-size: 14px;\n--wpforms-label-size-sublabel-line-height: 17px;\n--wpforms-button-size-font-size: 17px;\n--wpforms-button-size-height: 41px;\n--wpforms-button-size-padding-h: 15px;\n--wpforms-button-size-margin-top: 10px;\n\n\t\t\t\t}\n\t\t\t<\/style><div class=\"wpforms-container wpforms-container-full wpforms-block wpforms-block-26a0a436-2e3c-4138-86c3-a4998f0436b4 wpforms-render-modern\" id=\"wpforms-419\"><form id=\"wpforms-form-419\" class=\"wpforms-validate wpforms-form\" data-formid=\"419\" method=\"post\" enctype=\"multipart\/form-data\" action=\"\/index.php\/wp-json\/wp\/v2\/pages\/371\" data-token=\"2e6a2a65e403c24cf1d05047d1d5f46b\"><noscript class=\"wpforms-error-noscript\">Please enable JavaScript in your browser to complete this form.<\/noscript><div class=\"wpforms-hidden\" id=\"wpforms-error-noscript\">Please enable JavaScript in your browser to complete this form.<\/div><div class=\"wpforms-field-container\"><div id=\"wpforms-419-field_0-container\" class=\"wpforms-field wpforms-field-name wpforms-one-half wpforms-first\" data-field-id=\"0\"><label class=\"wpforms-field-label wpforms-label-hide\" for=\"wpforms-419-field_0\" aria-hidden=\"false\">Name <span class=\"wpforms-required-label\" aria-hidden=\"true\">*<\/span><\/label><input type=\"text\" id=\"wpforms-419-field_0\" class=\"wpforms-field-large wpforms-field-required\" name=\"wpforms[fields][0]\" placeholder=\"Your Name\" aria-errormessage=\"wpforms-419-field_0-error\" required><\/div><div id=\"wpforms-419-field_3-container\" class=\"wpforms-field wpforms-field-email wpforms-one-half\" data-field-id=\"3\"><label class=\"wpforms-field-label wpforms-label-hide\" for=\"wpforms-419-field_3\" aria-hidden=\"false\">Email <span class=\"wpforms-required-label\" aria-hidden=\"true\">*<\/span><\/label><input type=\"email\" id=\"wpforms-419-field_3\" class=\"wpforms-field-large wpforms-field-required\" name=\"wpforms[fields][3]\" placeholder=\"Your Email\" spellcheck=\"false\" aria-errormessage=\"wpforms-419-field_3-error\" required><\/div><div id=\"wpforms-419-field_4-container\" class=\"wpforms-field wpforms-field-text\" data-field-id=\"4\"><label class=\"wpforms-field-label wpforms-label-hide\" for=\"wpforms-419-field_4\" aria-hidden=\"false\">Subject<\/label><input type=\"text\" id=\"wpforms-419-field_4\" class=\"wpforms-field-large\" name=\"wpforms[fields][4]\" placeholder=\"Subject\" aria-errormessage=\"wpforms-419-field_4-error\" ><\/div><div id=\"wpforms-419-field_2-container\" class=\"wpforms-field wpforms-field-textarea\" data-field-id=\"2\"><label class=\"wpforms-field-label wpforms-label-hide\" for=\"wpforms-419-field_2\" aria-hidden=\"false\">Message <span class=\"wpforms-required-label\" aria-hidden=\"true\">*<\/span><\/label><textarea id=\"wpforms-419-field_2\" class=\"wpforms-field-medium wpforms-field-required\" name=\"wpforms[fields][2]\" placeholder=\"Your Message\" aria-errormessage=\"wpforms-419-field_2-error\" required><\/textarea><\/div><\/div><!-- .wpforms-field-container --><div class=\"wpforms-submit-container\" ><input type=\"hidden\" name=\"wpforms[id]\" value=\"419\"><input type=\"hidden\" name=\"wpforms[author]\" value=\"1\"><button type=\"submit\" name=\"wpforms[submit]\" id=\"wpforms-submit-419\" class=\"wpforms-submit\" data-alt-text=\"Sending...\" data-submit-text=\"Send message\" aria-live=\"assertive\" value=\"wpforms-submit\">Send message<\/button><\/div><\/form><\/div>  <!-- .wpforms-container --><\/div>\n<\/div><\/div>\n","protected":false},"excerpt":{"rendered":"","protected":false},"author":1,"featured_media":487,"parent":0,"menu_order":0,"comment_status":"closed","ping_status":"closed","template":"","meta":{"_mi_skip_tracking":false,"_monsterinsights_sitenote_active":false,"_monsterinsights_sitenote_note":"","_monsterinsights_sitenote_category":0,"_themeisle_gutenberg_block_has_review":false,"_ti_tpc_template_sync":false,"_ti_tpc_template_id":"3fuxugmuzebcreff4tt5"},"aioseo_notices":[],"_links":{"self":[{"href":"https:\/\/goeicbelgesi.com\/index.php\/wp-json\/wp\/v2\/pages\/371"}],"collection":[{"href":"https:\/\/goeicbelgesi.com\/index.php\/wp-json\/wp\/v2\/pages"}],"about":[{"href":"https:\/\/goeicbelgesi.com\/index.php\/wp-json\/wp\/v2\/types\/page"}],"author":[{"embeddable":true,"href":"https:\/\/goeicbelgesi.com\/index.php\/wp-json\/wp\/v2\/users\/1"}],"replies":[{"embeddable":true,"href":"https:\/\/goeicbelgesi.com\/index.php\/wp-json\/wp\/v2\/comments?post=371"}],"version-history":[{"count":23,"href":"https:\/\/goeicbelgesi.com\/index.php\/wp-json\/wp\/v2\/pages\/371\/revisions"}],"predecessor-version":[{"id":533,"href":"https:\/\/goeicbelgesi.com\/index.php\/wp-json\/wp\/v2\/pages\/371\/revisions\/533"}],"wp:featuredmedia":[{"embeddable":true,"href":"https:\/\/goeicbelgesi.com\/index.php\/wp-json\/wp\/v2\/media\/487"}],"wp:attachment":[{"href":"https:\/\/goeicbelgesi.com\/index.php\/wp-json\/wp\/v2\/media?parent=371"}],"curies":[{"name":"wp","href":"https:\/\/api.w.org\/{rel}","templated":true}]}}